{"id":1825,"date":"2017-07-07T08:52:52","date_gmt":"2017-07-07T08:52:52","guid":{"rendered":"https:\/\/achterhoeksesappers.nl\/schneckenfilterpresse\/voorwaarden-en-prijzen\/"},"modified":"2025-09-15T21:57:47","modified_gmt":"2025-09-15T19:57:47","slug":"bedingungen-und-preise","status":"publish","type":"page","link":"https:\/\/achterhoeksesappers.nl\/de\/schneckenfilterpresse\/bedingungen-und-preise\/","title":{"rendered":"Bedingungen und Preise"},"content":{"rendered":"<p><div class=\"fusion-fullwidth fullwidth-box fusion-builder-row-1 fusion-parallax-none nonhundred-percent-fullwidth non-hundred-percent-height-scrolling lazyload\" style=\"--awb-border-radius-top-left:0px;--awb-border-radius-top-right:0px;--awb-border-radius-bottom-right:0px;--awb-border-radius-bottom-left:0px;--awb-padding-top:50px;--awb-padding-bottom:50px;--awb-background-size:cover;--awb-flex-wrap:wrap;\" data-bg=\"https:\/\/achterhoeksesappers.nl\/wp-content\/uploads\/AS-Groene-Achtergrond-iconen.jpg\" ><div class=\"fusion-builder-row fusion-row\"><div class=\"fusion-layout-column fusion_builder_column fusion-builder-column-0 fusion_builder_column_1_1 1_1 fusion-one-full fusion-column-first fusion-column-last\" style=\"--awb-bg-size:cover;\"><div class=\"fusion-column-wrapper fusion-flex-column-wrapper-legacy\"><div class=\"fusion-title title fusion-title-1 sep-underline sep-solid fusion-title-center fusion-title-text fusion-title-size-one\" style=\"--awb-sep-color:#fffcfc;\"><h1 class=\"fusion-title-heading title-heading-center fusion-responsive-typography-calculated\" style=\"margin:0;--fontSize:40;line-height:1.13;\"><h1><span style=\"color: #ffffff;\"><strong>Bedingungen und Preise<\/strong><\/span><\/h1><\/h1><\/div><div class=\"fusion-clearfix\"><\/div><\/div><\/div><\/div><\/div><div class=\"fusion-fullwidth fullwidth-box fusion-builder-row-2 nonhundred-percent-fullwidth non-hundred-percent-height-scrolling fusion-equal-height-columns\" style=\"--awb-border-radius-top-left:0px;--awb-border-radius-top-right:0px;--awb-border-radius-bottom-right:0px;--awb-border-radius-bottom-left:0px;--awb-padding-top:30px;--awb-padding-bottom:30px;--awb-flex-wrap:wrap;\" ><div class=\"fusion-builder-row fusion-row\"><div class=\"fusion-layout-column fusion_builder_column fusion-builder-column-1 fusion_builder_column_3_4 3_4 fusion-three-fourth fusion-column-first\" style=\"--awb-padding-right:30px;--awb-padding-left:60px;--awb-bg-size:cover;width:75%;width:calc(75% - ( ( 4% ) * 0.75 ) );margin-right: 4%;\"><div class=\"fusion-column-wrapper fusion-flex-column-wrapper-legacy\"><div class=\"fusion-column-content-centered\"><div class=\"fusion-column-content\"><div class=\"fusion-text fusion-text-1\"><h2 data-fontsize=\"35\" data-lineheight=\"35\"><span style=\"color: #175718;\">Bedingungen f\u00fcr die Teilnahme<\/span><\/h2>\n<p>Um sich an einem Mosttag zu beteiligen, gibt es Bedingungen. So brauchen Sie mindestens 75 kg Obst. Sortieren Sie Ihr Obst gr\u00fcndlich! Unser Grundsatz: Was Sie selbst gerne essen, kann gepresst werden. Angefaultes und \u00fcberreifes Obst ist zum Saften nicht geeignet. Ein Fleck oder Wurmloch auf dem Obst macht nichts. Lieber etwas weniger und daf\u00fcr leckeren Saft, als viel Saft von geringerer Qualit\u00e4t. Qualitativ gutes Obst ergibt einen besseren Geschmack und ist l\u00e4nger haltbar.<\/p>\n<\/div><div class=\"fusion-text fusion-text-2\"><h2 data-fontsize=\"35\" data-lineheight=\"35\"><span style=\"color: #175718;\">Gemeinsam geht es schneller<\/span><\/h2>\n<p>Niemand wartet gerne lange. Das verstehen wir. Darum erwarten wir, dass Sie mit anpacken. Das Abladen und Sortieren des Obsts \u00fcbernehmen Sie, genau wie das Falten und Einladen der Bag-in-Boxen. Nach dem Motto \u201eViele H\u00e4nde machen der Arbeit schnell ein Ende\u201d geht das am besten.<\/p>\n<\/div><div class=\"fusion-text fusion-text-3\"><h2 data-fontsize=\"35\" data-lineheight=\"35\"><span style=\"color: #175718;\">Ihr eigener Mosttag<\/span><\/h2>\n<p>Sie haben mindestens 3.500 kg Obst und\/oder Gem\u00fcse zu verarbeiten? Dann k\u00f6nnen wir einen Mosttag bei Ihnen zu Hause oder in der Nachbarschaft organisieren. Dazu braucht es allerdings gutes Wetter: Wenn es stark regnet oder friert, ist das Pressen nicht m\u00f6glich. Auch die \u00d6rtlichkeit muss mehrere Anforderungen erf\u00fcllen:<\/p>\n<p>\u2022 Befestigter Untergrund (mind. 8 x 6 m)<br \/>\n\u2022 Trinkwasseranschluss<br \/>\n\u2022 Abfluss f\u00fcr das benutzte Sp\u00fchlwasser<br \/>\n\u2022 Starkstromanschluss 380 V (5-Punkt 32 A-Stecker) mindestens 20A, C-Karateristik, Erdschlussschutz Typ B (AC+A+B Typ Erdschluss fehler)<br \/>\n\u2022\u00a0<a href=\"https:\/\/achterhoeksesappers.nl\/de\/nachhaltig\/\">Entsorgungsm\u00f6glichkeit<\/a>\u00a0f\u00fcr Pulpe (Viehfutter)<\/p>\n<p>Sie sind sich nicht sicher, ob Ihre \u00d6rtlichkeit sich f\u00fcr die Pressung eignet? Nehmen Sie mit uns\u00a0<a href=\"https:\/\/achterhoeksesappers.nl\/de\/kontakt\/\">Kontakt<\/a>\u00a0auf und wir sprechen \u00fcber die M\u00f6glichkeiten.<\/p>\n<\/div><div class=\"fusion-text fusion-text-4\"><h2 data-fontsize=\"35\" data-lineheight=\"35\"><span style=\"color: #175718;\">Preise<\/span><\/h2>\n<p>Die Preise sind abh\u00e4ngig von der Menge (100 kg Obst oder Gem\u00fcse ergeben ca. 75 Liter Saft) und der von Ihnen gew\u00e4hlten Verpackungsform. Die Preise verstehen sich inklusive Verpackung und 21% BTW. Wir akzeptieren Barzahlung, Sie k\u00f6nnen auch mit PIN bezahlen.<\/p>\n<\/div><\/div><\/div><div class=\"fusion-clearfix\"><\/div><\/div><\/div><\/div><\/div><div class=\"fusion-fullwidth fullwidth-box fusion-builder-row-3 nonhundred-percent-fullwidth non-hundred-percent-height-scrolling fusion-equal-height-columns\" style=\"--awb-border-radius-top-left:0px;--awb-border-radius-top-right:0px;--awb-border-radius-bottom-right:0px;--awb-border-radius-bottom-left:0px;--awb-padding-top:0px;--awb-padding-right:0px;--awb-padding-bottom:0px;--awb-padding-left:0px;--awb-flex-wrap:wrap;\" ><div class=\"fusion-builder-row fusion-row\"><div class=\"fusion-layout-column fusion_builder_column fusion-builder-column-2 fusion_builder_column_3_4 3_4 fusion-three-fourth fusion-column-first\" style=\"--awb-padding-right:10%;--awb-padding-bottom:0px;--awb-padding-left:10%;--awb-bg-position:center center;--awb-bg-size:cover;--awb-margin-bottom:0px;width:75%;width:calc(75% - ( ( 0px ) * 0.75 ) );margin-right: 0px;\"><div class=\"fusion-column-wrapper fusion-flex-column-wrapper-legacy\"><div class=\"fusion-column-content-centered\"><div class=\"fusion-column-content\">\n<div class=\"table-1\">\n<table width=\"100%\">\n<thead>\n<tr>\n<th align=\"left\">Anzahl Liter (gepresst und abgef\u00fcllt)<\/th>\n<th align=\"left\">Preis pro Liter<\/th>\n<th align=\"left\">Preis pro Liter<\/th>\n<th align=\"left\">Preis pro Liter<\/th>\n<\/tr>\n<\/thead>\n<tbody>\n<tr>\n<td align=\"left\"><\/td>\n<td align=\"left\">5 Liter Verpackung<\/td>\n<td align=\"left\">3 Liter Verpackung<\/td>\n<td align=\"left\">10 Liter Verpackung<\/td>\n<\/tr>\n<tr>\n<td align=\"left\">75 &gt; 145 Liter<\/td>\n<td align=\"left\">\u20ac 1,40<\/td>\n<td align=\"left\">\u20ac 1,65<\/td>\n<td align=\"left\">Preis auf anfrage<\/td>\n<\/tr>\n<tr>\n<td align=\"left\">150 &gt; 495 Liter<\/td>\n<td align=\"left\">\u20ac 1,30<\/td>\n<td align=\"left\">\u20ac 1,55<\/td>\n<td align=\"left\">Preis auf anfrage<\/td>\n<\/tr>\n<tr>\n<td align=\"left\">500 &gt; 1.495 Liter<\/td>\n<td align=\"left\">\u20ac 1,25<\/td>\n<td align=\"left\">\u20ac 1,45<\/td>\n<td align=\"left\">Preis auf anfrage<\/td>\n<\/tr>\n<tr>\n<td align=\"left\">1.500 &gt; 3.995 liter<\/td>\n<td align=\"left\">Preis auf Anfrage<\/td>\n<td align=\"left\">Preis auf Anfrage<\/td>\n<td align=\"left\">Preis auf Anfrage<\/td>\n<\/tr>\n<\/tbody>\n<\/table>\n<\/div>\n<div class=\"fusion-text fusion-text-5\"><p>Standardm\u00e4\u00dfig liefern wir in 3 und 5 Liter-Verpackungen; 10 Liter-Verpackungen sind nur nach vorheriger Bestellung m\u00f6glich.<\/p>\n<\/div><\/div><\/div><div class=\"fusion-clearfix\"><\/div><\/div><\/div><\/div><\/div><\/p>\n","protected":false},"excerpt":{"rendered":"","protected":false},"author":3,"featured_media":0,"parent":1797,"menu_order":0,"comment_status":"closed","ping_status":"closed","template":"100-width.php","meta":{"footnotes":""},"class_list":["post-1825","page","type-page","status-publish","hentry"],"_links":{"self":[{"href":"https:\/\/achterhoeksesappers.nl\/de\/wp-json\/wp\/v2\/pages\/1825","targetHints":{"allow":["GET"]}}],"collection":[{"href":"https:\/\/achterhoeksesappers.nl\/de\/wp-json\/wp\/v2\/pages"}],"about":[{"href":"https:\/\/achterhoeksesappers.nl\/de\/wp-json\/wp\/v2\/types\/page"}],"author":[{"embeddable":true,"href":"https:\/\/achterhoeksesappers.nl\/de\/wp-json\/wp\/v2\/users\/3"}],"replies":[{"embeddable":true,"href":"https:\/\/achterhoeksesappers.nl\/de\/wp-json\/wp\/v2\/comments?post=1825"}],"version-history":[{"count":1,"href":"https:\/\/achterhoeksesappers.nl\/de\/wp-json\/wp\/v2\/pages\/1825\/revisions"}],"predecessor-version":[{"id":3815,"href":"https:\/\/achterhoeksesappers.nl\/de\/wp-json\/wp\/v2\/pages\/1825\/revisions\/3815"}],"up":[{"embeddable":true,"href":"https:\/\/achterhoeksesappers.nl\/de\/wp-json\/wp\/v2\/pages\/1797"}],"wp:attachment":[{"href":"https:\/\/achterhoeksesappers.nl\/de\/wp-json\/wp\/v2\/media?parent=1825"}],"curies":[{"name":"wp","href":"https:\/\/api.w.org\/{rel}","templated":true}]}}