{"id":1818,"date":"2017-07-07T10:13:04","date_gmt":"2017-07-07T10:13:04","guid":{"rendered":"https:\/\/achterhoeksesappers.nl\/over-ons\/"},"modified":"2017-11-10T13:45:09","modified_gmt":"2017-11-10T13:45:09","slug":"uber-uns","status":"publish","type":"page","link":"https:\/\/achterhoeksesappers.nl\/de\/uber-uns\/","title":{"rendered":"\u00dcber uns"},"content":{"rendered":"<p><div class=\"fusion-fullwidth fullwidth-box fusion-builder-row-1 fusion-parallax-none nonhundred-percent-fullwidth non-hundred-percent-height-scrolling lazyload\" style=\"--awb-border-radius-top-left:0px;--awb-border-radius-top-right:0px;--awb-border-radius-bottom-right:0px;--awb-border-radius-bottom-left:0px;--awb-padding-top:50px;--awb-padding-bottom:50px;--awb-background-size:cover;--awb-flex-wrap:wrap;\" data-bg=\"https:\/\/achterhoeksesappers.nl\/wp-content\/uploads\/AS-Groene-Achtergrond-iconen.jpg\" ><div class=\"fusion-builder-row fusion-row\"><div class=\"fusion-layout-column fusion_builder_column fusion-builder-column-0 fusion_builder_column_1_1 1_1 fusion-one-full fusion-column-first fusion-column-last\" style=\"--awb-bg-size:cover;\"><div class=\"fusion-column-wrapper fusion-flex-column-wrapper-legacy\"><div class=\"fusion-title title fusion-title-1 sep-underline sep-solid fusion-title-center fusion-title-text fusion-title-size-one\" style=\"--awb-sep-color:#fffcfc;\"><h1 class=\"fusion-title-heading title-heading-center fusion-responsive-typography-calculated\" style=\"margin:0;--fontSize:40;line-height:1.13;\"><h1><span style=\"color: #ffffff;\"><strong>\u00dcber uns<\/strong><\/span><\/h1><\/h1><\/div><div class=\"fusion-clearfix\"><\/div><\/div><\/div><\/div><\/div><div class=\"fusion-fullwidth fullwidth-box fusion-builder-row-2 nonhundred-percent-fullwidth non-hundred-percent-height-scrolling fusion-equal-height-columns\" style=\"--awb-border-radius-top-left:0px;--awb-border-radius-top-right:0px;--awb-border-radius-bottom-right:0px;--awb-border-radius-bottom-left:0px;--awb-padding-top:30px;--awb-padding-bottom:30px;--awb-flex-wrap:wrap;\" ><div class=\"fusion-builder-row fusion-row\"><div class=\"fusion-layout-column fusion_builder_column fusion-builder-column-1 fusion_builder_column_3_4 3_4 fusion-three-fourth fusion-column-first\" style=\"--awb-padding-right:30px;--awb-padding-left:60px;--awb-bg-size:cover;width:75%;width:calc(75% - ( ( 4% ) * 0.75 ) );margin-right: 4%;\"><div class=\"fusion-column-wrapper fusion-flex-column-wrapper-legacy\"><div class=\"fusion-column-content-centered\"><div class=\"fusion-column-content\"><div class=\"fusion-text fusion-text-1\"><h2><span style=\"color: #175718;\">Beskers aus Kotten im Achterhoek<\/span><\/h2>\n<p>Die Familie Beskers wohnt in Kotten, einem Ortsteil der Gemeinde Winterswijk im Achterhoek. Von hier stammen die Erfinder der Achterhoekse SapPers. Seit Generationen wissen sie, was das Land im Achterhoek zu bieten hat. Warum aus der Ferne holen, wenn es in der N\u00e4he mindestens genau so lecker und gesund ist?\u00a0<a href=\"https:\/\/achterhoeksesappers.nl\/de\/nachhaltig\/\">Nachhaltigkeit<\/a> und soziale Verantwortung stehen bei Achterhoekse SapPers im Vordergrund.<div id=\"attachment_1952\" style=\"width: 310px\" class=\"wp-caption alignright\"><img decoding=\"async\" aria-describedby=\"caption-attachment-1952\" class=\"lazyload wp-image-1952 size-medium\" src=\"https:\/\/achterhoeksesappers.nl\/wp-content\/uploads\/Teamfoto-AchterhoekseSapPers-300x200.jpg\" data-orig-src=\"https:\/\/achterhoeksesappers.nl\/wp-content\/uploads\/Teamfoto-AchterhoekseSapPers-300x200.jpg\" alt=\"Teamfoto Achterhoekse SapPers\" width=\"300\" height=\"200\" srcset=\"data:image\/svg+xml,%3Csvg%20xmlns%3D%27http%3A%2F%2Fwww.w3.org%2F2000%2Fsvg%27%20width%3D%27300%27%20height%3D%27200%27%20viewBox%3D%270%200%20300%20200%27%3E%3Crect%20width%3D%27300%27%20height%3D%27200%27%20fill-opacity%3D%220%22%2F%3E%3C%2Fsvg%3E\" data-srcset=\"https:\/\/achterhoeksesappers.nl\/wp-content\/uploads\/Teamfoto-AchterhoekseSapPers-200x133.jpg 200w, https:\/\/achterhoeksesappers.nl\/wp-content\/uploads\/Teamfoto-AchterhoekseSapPers-300x200.jpg 300w, https:\/\/achterhoeksesappers.nl\/wp-content\/uploads\/Teamfoto-AchterhoekseSapPers-400x267.jpg 400w, https:\/\/achterhoeksesappers.nl\/wp-content\/uploads\/Teamfoto-AchterhoekseSapPers-600x400.jpg 600w, https:\/\/achterhoeksesappers.nl\/wp-content\/uploads\/Teamfoto-AchterhoekseSapPers-768x512.jpg 768w, https:\/\/achterhoeksesappers.nl\/wp-content\/uploads\/Teamfoto-AchterhoekseSapPers-800x534.jpg 800w, https:\/\/achterhoeksesappers.nl\/wp-content\/uploads\/Teamfoto-AchterhoekseSapPers.jpg 958w\" data-sizes=\"auto\" data-orig-sizes=\"(max-width: 300px) 100vw, 300px\" \/><p id=\"caption-attachment-1952\" class=\"wp-caption-text\">Foto: Winterswijkse Weekkrant<\/p><\/div><\/p>\n<\/div><div class=\"fusion-text fusion-text-2\"><h2><span style=\"color: #175718;\">Unsere Ziele:<\/span><\/h2>\n<ul>\n<li>Verschwendung von Obst und Gem\u00fcse vermeiden.<\/li>\n<li>K\u00f6stliche, reine, gesunde S\u00e4fte und Smoothies herstellen, ohne Zus\u00e4tze!<\/li>\n<li>Obstg\u00e4rten erhalten und rentabel machen.<\/li>\n<li>Neue Regionalprodukte aus dem Achterhoek entwickeln.<\/li>\n<li>Die Wirtschaft im Achterhoek f\u00f6rdern.<\/li>\n<li>Zusammenarbeit mit Vereinen und\/oder Stiftungen, die die gleiche Vision haben.<\/li>\n<\/ul>\n<\/div><div class=\"fusion-text fusion-text-3\"><h2><span style=\"color: #175718;\">Wie alles anfing<\/span><\/h2>\n<p>Am Standort Wilterdinkweg 3 wurde fr\u00fcher ein landwirtschaftlicher Mischbetrieb unterhalten. Nachdem dieser aufgegeben wurde, wurde an dem Platz, wo einst der Obstgarten war, der Minicamping \u201eDe Appelweide\u201d angelegt. In einer der Wiesen legte Henk Beskers einen Hochstamm-Obstgarten mit verschiedenen alten Apfelsorten an. Im Laufe der Jahre brachte dieser Obstgarten immer mehr \u00c4pfel an, die die Familie nicht aufessen konnte. \u00c4pfel wurden verschenkt oder zu leckeren Kuchen verarbeitet. Dadurch kam Henk auf die Idee, gemeinsam mit der <a href=\"http:\/\/www.stichting-boerengoed.nl\/\" target=\"_blank\" rel=\"noopener nofollow\">Stichting Boerengoed<\/a> einen Apfel-Mosttag zu organisieren und eine Presse zu mieten, bei der auch andere ihre \u00c4pfel pressen lassen konnten.<\/p>\n<\/div><\/div><\/div><div class=\"fusion-clearfix\"><\/div><\/div><\/div><div class=\"fusion-layout-column fusion_builder_column fusion-builder-column-2 fusion_builder_column_1_4 1_4 fusion-one-fourth fusion-column-last\" style=\"--awb-bg-size:cover;--awb-border-color:#f26522;--awb-border-style:solid;width:25%;width:calc(25% - ( ( 4% ) * 0.25 ) );\"><div class=\"fusion-column-wrapper fusion-flex-column-wrapper-legacy\"><div class=\"fusion-text fusion-text-4\"><h2>Wussten Sie, dass<\/h2>\n<\/div><ul style=\"--awb-size:17px;--awb-line-height:28.9px;--awb-icon-width:28.9px;--awb-icon-height:28.9px;--awb-icon-margin:11.9px;--awb-content-margin:40.8px;\" class=\"fusion-checklist fusion-checklist-1 fusion-checklist-default type-icons\"><li class=\"fusion-li-item\" style=\"\"><span class=\"icon-wrapper circle-no\"><i class=\"fusion-li-icon awb-icon-check\" aria-hidden=\"true\"><\/i><\/span><div class=\"fusion-li-item-content\">\n<p>\u00c4pfel die Basis f\u00fcr fast alle Fruchts\u00e4fte sind?<\/p>\n<\/div><\/li><li class=\"fusion-li-item\" style=\"\"><span class=\"icon-wrapper circle-no\"><i class=\"fusion-li-icon awb-icon-check\" aria-hidden=\"true\"><\/i><\/span><div class=\"fusion-li-item-content\">\n<p>Eine Bag-in-Box eine originelle Geschenkidee ist?<\/p>\n<\/div><\/li><li class=\"fusion-li-item\" style=\"\"><span class=\"icon-wrapper circle-no\"><i class=\"fusion-li-icon awb-icon-check\" aria-hidden=\"true\"><\/i><\/span><div class=\"fusion-li-item-content\">\n<p>Durch richtigen Schnitt der Ertrag von Hochstamm-Obstb\u00e4umen erheblich gesteigert wird?<\/p>\n<\/div><\/li><li class=\"fusion-li-item\" style=\"\"><span class=\"icon-wrapper circle-no\"><i class=\"fusion-li-icon awb-icon-check\" aria-hidden=\"true\"><\/i><\/span><div class=\"fusion-li-item-content\">\n<p>Durch die Schneckenfilterpresse wichtige, gesunde N\u00e4hrstoffe und Vitamine optimal erhalten werden?<\/p>\n<\/div><\/li><\/ul><div class=\"fusion-clearfix\"><\/div><\/div><\/div><\/div><\/div><div class=\"fusion-fullwidth fullwidth-box fusion-builder-row-3 fusion-parallax-none hundred-percent-fullwidth non-hundred-percent-height-scrolling lazyload\" style=\"--awb-border-radius-top-left:0px;--awb-border-radius-top-right:0px;--awb-border-radius-bottom-right:0px;--awb-border-radius-bottom-left:0px;--awb-padding-top:250px;--awb-padding-bottom:0px;--awb-margin-bottom:10px;--awb-background-size:cover;--awb-flex-wrap:wrap;\" data-bg=\"https:\/\/achterhoeksesappers.nl\/wp-content\/uploads\/AS-omgeving-weideveld-koeien.jpg\" ><div class=\"fusion-builder-row fusion-row\"><\/div><\/div><div class=\"fusion-fullwidth fullwidth-box fusion-builder-row-4 nonhundred-percent-fullwidth non-hundred-percent-height-scrolling fusion-equal-height-columns\" style=\"--awb-border-radius-top-left:0px;--awb-border-radius-top-right:0px;--awb-border-radius-bottom-right:0px;--awb-border-radius-bottom-left:0px;--awb-padding-top:30px;--awb-padding-bottom:30px;--awb-flex-wrap:wrap;\" ><div class=\"fusion-builder-row fusion-row\"><div class=\"fusion-layout-column fusion_builder_column fusion-builder-column-3 fusion_builder_column_3_4 3_4 fusion-three-fourth fusion-column-first\" style=\"--awb-padding-right:30px;--awb-padding-left:60px;--awb-bg-size:cover;width:75%;width:calc(75% - ( ( 4% ) * 0.75 ) );margin-right: 4%;\"><div class=\"fusion-column-wrapper fusion-flex-column-wrapper-legacy\"><div class=\"fusion-column-content-centered\"><div class=\"fusion-column-content\"><div class=\"fusion-text fusion-text-5\"><h2><span style=\"color: #175718;\">Immer gr\u00f6\u00dferes Angebot<\/span><\/h2>\n<p>Nachdem er drei Jahre lang in Kotten \u00c4pfel gepresst hatte, erkannten Henk und die Stichting Boerengoed, dass sich etwas \u00e4ndern musste. Das Angebot an \u00c4pfeln und Birnen verdoppelte sich jedes Jahr, doch die Presse konnte solche Mengen nicht verarbeiten. So entstand der Plan, eine eigene Presse anzuschaffen. Eine Presse mit ausreichender Kapazit\u00e4t, die wichtige N\u00e4hrstoffe wie Antioxidantien und Vitamine erhalten kann. Eine Presse, die au\u00dfer Obst auch noch Gem\u00fcse und Kombinationen aus beidem verarbeiten kann. Die Schneckenfilterpresse entspricht allen diesen Anforderungen!<\/p>\n<\/div><div class=\"fusion-text fusion-text-6\"><h2><span style=\"color: #175718;\">Gemeinsam sind wir st\u00e4rker<\/span><\/h2>\n<p>Um unsere Zielsetzungen zu erreichen, arbeiten wir mit verschiedenen Stiftungen und Vereinen zusammen. Wie z. B. mit <a href=\"https:\/\/www.agrarischenatuurverenigingpan.nl\/\" target=\"_blank\" rel=\"noopener nofollow\">Particulier Agrarisch Natuurbeheer<\/a> und <a href=\"http:\/\/www.van-berkelenslinge.nl\/\" target=\"_blank\" rel=\"noopener nofollow\">Vereniging Agrarisch Landschap Berkel en Slinge<\/a>, die sich wie wir daf\u00fcr einsetzen, Hochstamm-B\u00e4ume zu promoten. Wichtig ist auch die <a href=\"mailto:w.stemerdink@kpnmail.nl\">Hoogstambrigade<\/a>, sie beschneiden und pflegen viele Obstg\u00e4rten. Wir arbeiten auch gern mit <a href=\"http:\/\/www.staringadvies.nl\/educatie\/\" target=\"_blank\" rel=\"noopener nofollow\">Staring Educatie<\/a> zusammen. Indem wir zur Natur- und Umwelterziehung beitragen, m\u00f6chten wir jungen Menschen beibringen, wie Saft hergestellt wird und was die Natur im Achterhoek alles zu bieten hat. Nat\u00fcrlich besteht auch eine enge Verbindung mit <a href=\"http:\/\/www.stichting-boerengoed.nl\/\" target=\"_blank\" rel=\"noopener nofollow\">Stichting Boerengoed<\/a>\u00a0Achterhoek, die seit Jahren Mosttage durchf\u00fchrt. Schlie\u00dflich hat damit alles angefangen und ist die Idee entstanden, die Schneckenfilterpresse in den Achterhoek zu holen.<\/p>\n<\/div><\/div><\/div><div class=\"fusion-clearfix\"><\/div><\/div><\/div><\/div><\/div><\/p>\n","protected":false},"excerpt":{"rendered":"","protected":false},"author":3,"featured_media":0,"parent":0,"menu_order":0,"comment_status":"closed","ping_status":"closed","template":"100-width.php","meta":{"footnotes":""},"class_list":["post-1818","page","type-page","status-publish","hentry"],"_links":{"self":[{"href":"https:\/\/achterhoeksesappers.nl\/de\/wp-json\/wp\/v2\/pages\/1818","targetHints":{"allow":["GET"]}}],"collection":[{"href":"https:\/\/achterhoeksesappers.nl\/de\/wp-json\/wp\/v2\/pages"}],"about":[{"href":"https:\/\/achterhoeksesappers.nl\/de\/wp-json\/wp\/v2\/types\/page"}],"author":[{"embeddable":true,"href":"https:\/\/achterhoeksesappers.nl\/de\/wp-json\/wp\/v2\/users\/3"}],"replies":[{"embeddable":true,"href":"https:\/\/achterhoeksesappers.nl\/de\/wp-json\/wp\/v2\/comments?post=1818"}],"version-history":[{"count":0,"href":"https:\/\/achterhoeksesappers.nl\/de\/wp-json\/wp\/v2\/pages\/1818\/revisions"}],"wp:attachment":[{"href":"https:\/\/achterhoeksesappers.nl\/de\/wp-json\/wp\/v2\/media?parent=1818"}],"curies":[{"name":"wp","href":"https:\/\/api.w.org\/{rel}","templated":true}]}}