{"id":1814,"date":"2017-07-07T10:25:52","date_gmt":"2017-07-07T10:25:52","guid":{"rendered":"https:\/\/achterhoeksesappers.nl\/duurzaam\/"},"modified":"2017-09-12T08:33:21","modified_gmt":"2017-09-12T08:33:21","slug":"nachhaltig","status":"publish","type":"page","link":"https:\/\/achterhoeksesappers.nl\/de\/nachhaltig\/","title":{"rendered":"Nachhaltigkeit"},"content":{"rendered":"<p><div class=\"fusion-fullwidth fullwidth-box fusion-builder-row-1 fusion-parallax-none nonhundred-percent-fullwidth non-hundred-percent-height-scrolling lazyload\" style=\"--awb-border-radius-top-left:0px;--awb-border-radius-top-right:0px;--awb-border-radius-bottom-right:0px;--awb-border-radius-bottom-left:0px;--awb-padding-top:50px;--awb-padding-bottom:50px;--awb-background-size:cover;--awb-flex-wrap:wrap;\" data-bg=\"https:\/\/achterhoeksesappers.nl\/wp-content\/uploads\/AS-Groene-Achtergrond-iconen.jpg\" ><div class=\"fusion-builder-row fusion-row\"><div class=\"fusion-layout-column fusion_builder_column fusion-builder-column-0 fusion_builder_column_1_1 1_1 fusion-one-full fusion-column-first fusion-column-last\" style=\"--awb-bg-size:cover;\"><div class=\"fusion-column-wrapper fusion-flex-column-wrapper-legacy\"><div class=\"fusion-title title fusion-title-1 sep-underline sep-solid fusion-title-center fusion-title-text fusion-title-size-one\" style=\"--awb-sep-color:#fffcfc;\"><h1 class=\"fusion-title-heading title-heading-center fusion-responsive-typography-calculated\" style=\"margin:0;--fontSize:40;line-height:1.13;\"><h1><span style=\"color: #ffffff;\"><strong>Nachhaltigkeit<\/strong><\/span><\/h1><\/h1><\/div><div class=\"fusion-clearfix\"><\/div><\/div><\/div><\/div><\/div><div class=\"fusion-fullwidth fullwidth-box fusion-builder-row-2 nonhundred-percent-fullwidth non-hundred-percent-height-scrolling fusion-equal-height-columns\" style=\"--awb-border-radius-top-left:0px;--awb-border-radius-top-right:0px;--awb-border-radius-bottom-right:0px;--awb-border-radius-bottom-left:0px;--awb-padding-top:20px;--awb-flex-wrap:wrap;\" ><div class=\"fusion-builder-row fusion-row\"><div class=\"fusion-layout-column fusion_builder_column fusion-builder-column-1 fusion_builder_column_3_5 3_5 fusion-three-fifth fusion-column-first\" style=\"--awb-padding-right:0px;--awb-padding-left:30px;--awb-bg-size:cover;width:60%;width:calc(60% - ( ( 4% ) * 0.6 ) );margin-right: 4%;\"><div class=\"fusion-column-wrapper fusion-flex-column-wrapper-legacy\"><div class=\"fusion-column-content-centered\"><div class=\"fusion-column-content\"><div class=\"fusion-text fusion-text-1\"><h2><span style=\"color: #175718;\">Nachhaltig wirtschaften<\/span><\/h2>\n<p><a href=\"https:\/\/achterhoeksesappers.nl\/de\/uber-uns\/\">Die Eigent\u00fcmer<\/a> der Achterhoekse SapPers\u00a0sind durch und durch Achterhoeker. Sie arbeiten nachhaltig, wertsch\u00e4tzen das, was sie auf dem Land ernten und erz\u00e4hlen Ihnen gerne, warum diese Gegend so sch\u00f6n ist. Ihr Ziel? Obst und Gem\u00fcse, das ansonsten weggeworfen werden w\u00fcrde, zu Saft zu verarbeiten. Lokal verarbeiten was lokal geerntet wird! So entstehen kaum Transportkosten und wird der CO<sub>2<\/sub>-Aussto\u00df verringert. Nach dem Pressen wird der Saft in recycelbare Bag-in-Boxen abgef\u00fcllt. Obstreste werden nicht weggeworfen, sondern als Viehfutter genutzt.<\/p>\n<\/div><\/div><\/div><div class=\"fusion-clearfix\"><\/div><\/div><\/div><div class=\"fusion-layout-column fusion_builder_column fusion-builder-column-2 fusion_builder_column_2_5 2_5 fusion-two-fifth fusion-column-last\" style=\"--awb-padding-right:50px;--awb-bg-size:cover;width:40%;width:calc(40% - ( ( 4% ) * 0.4 ) );\"><div class=\"fusion-column-wrapper fusion-flex-column-wrapper-legacy\"><div class=\"fusion-text fusion-text-2\"><h2>Wussten Sie, dass<\/h2>\n<\/div><ul style=\"--awb-size:17px;--awb-line-height:28.9px;--awb-icon-width:28.9px;--awb-icon-height:28.9px;--awb-icon-margin:11.9px;--awb-content-margin:40.8px;\" class=\"fusion-checklist fusion-checklist-1 fusion-checklist-default type-icons\"><li class=\"fusion-li-item\" style=\"\"><span class=\"icon-wrapper circle-no\"><i class=\"fusion-li-icon fa fa-check\" aria-hidden=\"true\"><\/i><\/span><div class=\"fusion-li-item-content\">\n<p>Grundst\u00fccke mit Hochstamm-Obstg\u00e4rten einen wichtigen Nistplatz f\u00fcr V\u00f6gel bieten? Steinkauz, Schleiereule, Gartenrotschwanz, Trauerschn\u00e4pper und Grauschn\u00e4pper bauen hier gerne ihre Nester.<\/p>\n<\/div><\/li><\/ul><div class=\"fusion-clearfix\"><\/div><\/div><\/div><\/div><\/div><div class=\"fusion-fullwidth fullwidth-box fusion-builder-row-3 fusion-parallax-none hundred-percent-fullwidth non-hundred-percent-height-scrolling lazyload\" style=\"--awb-border-radius-top-left:0px;--awb-border-radius-top-right:0px;--awb-border-radius-bottom-right:0px;--awb-border-radius-bottom-left:0px;--awb-padding-top:250px;--awb-padding-bottom:0px;--awb-margin-bottom:10px;--awb-background-size:cover;--awb-flex-wrap:wrap;\" data-bg=\"https:\/\/achterhoeksesappers.nl\/wp-content\/uploads\/AS-omgeving-appelweide-1024x198.jpg\" ><div class=\"fusion-builder-row fusion-row\"><\/div><\/div><div class=\"fusion-fullwidth fullwidth-box fusion-builder-row-4 nonhundred-percent-fullwidth non-hundred-percent-height-scrolling\" style=\"--awb-border-radius-top-left:0px;--awb-border-radius-top-right:0px;--awb-border-radius-bottom-right:0px;--awb-border-radius-bottom-left:0px;--awb-flex-wrap:wrap;\" ><div class=\"fusion-builder-row fusion-row\"><\/div><\/div><div class=\"fusion-fullwidth fullwidth-box fusion-builder-row-5 nonhundred-percent-fullwidth non-hundred-percent-height-scrolling\" style=\"--awb-border-radius-top-left:0px;--awb-border-radius-top-right:0px;--awb-border-radius-bottom-right:0px;--awb-border-radius-bottom-left:0px;--awb-flex-wrap:wrap;\" ><div class=\"fusion-builder-row fusion-row\"><div class=\"fusion-layout-column fusion_builder_column fusion-builder-column-3 fusion_builder_column_1_2 1_2 fusion-one-half fusion-column-first\" style=\"--awb-bg-size:cover;width:50%;width:calc(50% - ( ( 4% ) * 0.5 ) );margin-right: 4%;\"><div class=\"fusion-column-wrapper fusion-flex-column-wrapper-legacy\"><div class=\"fusion-text fusion-text-3\"><h2><span style=\"color: #175718;\">Anreiz f\u00fcr die lokale Wirtschaft<\/span><\/h2>\n<p>Immer mehr Menschen, die im Au\u00dfenbereich Land haben, entscheiden sich f\u00fcr eine charakteristische Bepflanzung mit Hochstamm-B\u00e4umen. Das kommt der lokalen Wirtschaft zugute! \u00d6rtliche G\u00e4rtner \u00fcbernehmen das Anpflanzen der neuen B\u00e4ume. Die Pflege der Obstg\u00e4rten kann von der\u00a0<a href=\"http:\/\/landschapsbeheergelderland.nl\/alle-vrijwilligersgroepen-per-regio\/hoogstambrigade-winterswijk\/\" target=\"_blank\" rel=\"noopener nofollow\">Hoogstambrigade<\/a>\u00a0\u00fcbernommen werden. Das kommt auch dem Tourismus zugute: Hochstamm-Obstg\u00e4rten geh\u00f6ren seit jeher zum Achterhoek, der wegen seiner abwechslungsreichen Landschaft und seiner herrlichen Natur jedes Jahr Tausende Touristen anzieht. Au\u00dferdem ist Saft ein ideales Regionalprodukt, das auf regionalen M\u00e4rkten oder in der Gastronomie verkauft werden kann.<\/p>\n<\/div><div class=\"fusion-clearfix\"><\/div><\/div><\/div><div class=\"fusion-layout-column fusion_builder_column fusion-builder-column-4 fusion_builder_column_1_2 1_2 fusion-one-half fusion-column-last\" style=\"--awb-bg-size:cover;width:50%;width:calc(50% - ( ( 4% ) * 0.5 ) );\"><div class=\"fusion-column-wrapper fusion-flex-column-wrapper-legacy\"><div class=\"fusion-text fusion-text-4\"><h2><span style=\"color: #175718;\">Natur und Landschaft<\/span><\/h2>\n<p>Das Anlegen und die Wiederherstellung von Hochstamm-Obstg\u00e4rten ist nicht nur f\u00fcr den Erhalt und die Entwicklung der Landschaft des Achterhoek wichtig: Obstg\u00e4rten haben f\u00fcr die biologische Vielfalt einen wichtigen Mehrwert. Oft sind sie Zufluchtsorte f\u00fcr Flora und Fauna in einem landwirtschaftlichen Gebiet, das durch intensive Landwirtschaft bearbeitet wird und das vor allem von Maisanbau gepr\u00e4gt wird. Die Bl\u00fcten der Obstb\u00e4ume liefern im Fr\u00fchjahr mit Pollen und Nektar reichlich Nahrung f\u00fcr Insekten. Im Herbst bildet das Fallobst eine wichtige Nahrungsquelle f\u00fcr Insekten, V\u00f6gel und S\u00e4ugetiere.<\/p>\n<\/div><div class=\"fusion-clearfix\"><\/div><\/div><\/div><\/div><\/div><\/p>\n","protected":false},"excerpt":{"rendered":"","protected":false},"author":3,"featured_media":0,"parent":0,"menu_order":0,"comment_status":"closed","ping_status":"closed","template":"100-width.php","meta":{"footnotes":""},"class_list":["post-1814","page","type-page","status-publish","hentry"],"_links":{"self":[{"href":"https:\/\/achterhoeksesappers.nl\/de\/wp-json\/wp\/v2\/pages\/1814","targetHints":{"allow":["GET"]}}],"collection":[{"href":"https:\/\/achterhoeksesappers.nl\/de\/wp-json\/wp\/v2\/pages"}],"about":[{"href":"https:\/\/achterhoeksesappers.nl\/de\/wp-json\/wp\/v2\/types\/page"}],"author":[{"embeddable":true,"href":"https:\/\/achterhoeksesappers.nl\/de\/wp-json\/wp\/v2\/users\/3"}],"replies":[{"embeddable":true,"href":"https:\/\/achterhoeksesappers.nl\/de\/wp-json\/wp\/v2\/comments?post=1814"}],"version-history":[{"count":0,"href":"https:\/\/achterhoeksesappers.nl\/de\/wp-json\/wp\/v2\/pages\/1814\/revisions"}],"wp:attachment":[{"href":"https:\/\/achterhoeksesappers.nl\/de\/wp-json\/wp\/v2\/media?parent=1814"}],"curies":[{"name":"wp","href":"https:\/\/api.w.org\/{rel}","templated":true}]}}