{"id":1804,"date":"2017-07-07T10:30:25","date_gmt":"2017-07-07T10:30:25","guid":{"rendered":"https:\/\/achterhoeksesappers.nl\/aanmelden\/"},"modified":"2023-08-20T13:14:55","modified_gmt":"2023-08-20T11:14:55","slug":"melden-sie-sich-fuer-einen-mosttag-an-achterhoekse-sappers","status":"publish","type":"page","link":"https:\/\/achterhoeksesappers.nl\/de\/melden-sie-sich-fuer-einen-mosttag-an-achterhoekse-sappers\/","title":{"rendered":"Agenda"},"content":{"rendered":"<p><div class=\"fusion-fullwidth fullwidth-box fusion-builder-row-1 fusion-parallax-none nonhundred-percent-fullwidth non-hundred-percent-height-scrolling lazyload\" style=\"--awb-border-radius-top-left:0px;--awb-border-radius-top-right:0px;--awb-border-radius-bottom-right:0px;--awb-border-radius-bottom-left:0px;--awb-padding-top:50px;--awb-padding-bottom:50px;--awb-background-size:cover;--awb-flex-wrap:wrap;\" data-bg=\"https:\/\/achterhoeksesappers.nl\/wp-content\/uploads\/AS-Groene-Achtergrond-iconen.jpg\" ><div class=\"fusion-builder-row fusion-row\"><div class=\"fusion-layout-column fusion_builder_column fusion-builder-column-0 fusion_builder_column_1_1 1_1 fusion-one-full fusion-column-first fusion-column-last\" style=\"--awb-bg-size:cover;\"><div class=\"fusion-column-wrapper fusion-flex-column-wrapper-legacy\"><div class=\"fusion-title title fusion-title-1 sep-underline sep-solid fusion-title-center fusion-title-text fusion-title-size-one\" style=\"--awb-sep-color:#fffcfc;\"><h1 class=\"fusion-title-heading title-heading-center fusion-responsive-typography-calculated\" style=\"margin:0;--fontSize:40;line-height:1.13;\"><h1><span style=\"color: #ffffff;\"><strong>\u00d6rtlichkeit und Mosttagen<br \/>\n<\/strong><\/span><\/h1><\/h1><\/div><div class=\"fusion-clearfix\"><\/div><\/div><\/div><\/div><\/div><div class=\"fusion-fullwidth fullwidth-box fusion-builder-row-2 nonhundred-percent-fullwidth non-hundred-percent-height-scrolling fusion-equal-height-columns\" style=\"--awb-border-radius-top-left:0px;--awb-border-radius-top-right:0px;--awb-border-radius-bottom-right:0px;--awb-border-radius-bottom-left:0px;--awb-padding-top:30px;--awb-padding-bottom:30px;--awb-flex-wrap:wrap;\" ><div class=\"fusion-builder-row fusion-row\"><div class=\"fusion-layout-column fusion_builder_column fusion-builder-column-1 fusion_builder_column_3_4 3_4 fusion-three-fourth fusion-column-first\" style=\"--awb-bg-size:cover;width:75%;width:calc(75% - ( ( 4% ) * 0.75 ) );margin-right: 4%;\"><div class=\"fusion-column-wrapper fusion-column-has-shadow fusion-flex-column-wrapper-legacy\"><div class=\"fusion-column-content-centered\"><div class=\"fusion-column-content\"><div class=\"fusion-text fusion-text-1\"><h4 id=\"tw-target-text\" class=\"tw-data-text tw-text-large tw-ta\" dir=\"ltr\" data-placeholder=\"Vertaling\"><span lang=\"de\" style=\"color: #175718;\" tabindex=\"0\">Veranstaltungen und Mosttage<\/span><\/h4>\n<h2><span style=\"color: #175718;\"><strong>\u00a0<\/strong><\/span><\/h2>\n<\/div><div class=\"qem_calendar\" id=\"qem_calendar_0\" data-qem_calendar_atts=\"{&quot;month&quot;:&quot;9&quot;}\" data-qem_month=\"9\" data-qem_year=\"2026\" data-qem_category=\"\"><a id=\"qem_calreload\"><\/a><p><a href=\"\"><\/a><\/p><div id=\"qem-calendar\">\n    <table cellspacing=\"3\" cellpadding=\"0\">\n    <tr class=\"caltop\">\n    <td><a class=\"calnav\" href=\"https:\/\/achterhoeksesappers.nl\/de\/wp-json\/wp\/v2\/pages\/1804?qemmonth=8&amp;qemyear=2026#qem_calreload\">&#9668; <\/a><\/td>\n    <td class=\"calmonth\"><h3>September 2026<\/h3><\/td>\n    <td><a class=\"calnav\" href=\"https:\/\/achterhoeksesappers.nl\/de\/wp-json\/wp\/v2\/pages\/1804?qemmonth=10&amp;qemyear=2026#qem_calreload\"> &#9658;<\/a><\/td>\n    <\/tr>\n    <\/table>\n    <table>\n    <tr>\r\n<td class=\"calday\">Mo.<\/td><td class=\"calday\">Di.<\/td><td class=\"calday\">Mi.<\/td><td class=\"calday\">Do.<\/td><td class=\"calday\">Fr.<\/td><td class=\"calday\">Sa.<\/td><td class=\"calday\">So.<\/td><\/tr>\r\n<tr>\r\t<td class=\"firstday\"><\/td><td class=\"day  \"><h3>1<\/h3><br><\/td><td class=\"day  \"><h3>2<\/h3><br><\/td><td class=\"day  \"><h3>3<\/h3><br><\/td><td class=\"day  \"><h3>4<\/h3><br><\/td><td class=\"day  \"><h3>5<\/h3><br><\/td><td class=\"day  \"><h3>6<\/h3><br><\/td><\/tr>\r\n<tr>\r\t<td class=\"day  \"><h3>7<\/h3><br><\/td><td class=\"day  \"><h3>8<\/h3><br><\/td><td class=\"day  \"><h3>9<\/h3><br><\/td><td class=\"day  \"><h3>10<\/h3><br><\/td><td class=\"day  \"><h3>11<\/h3><br><\/td><td class=\"day  \"><h3>12<\/h3><br><\/td><td class=\"day  \"><h3>13<\/h3><br><\/td><\/tr>\r\n<tr>\r\t<td class=\"day  \"><h3>14<\/h3><br><\/td><td class=\"day  \"><h3>15<\/h3><br><\/td><td class=\"day  \"><h3>16<\/h3><br><\/td><td class=\"day  \"><h3>17<\/h3><br><\/td><td class=\"day  \"><h3>18<\/h3><br><\/td><td class=\"day  \"><h3>19<\/h3><br><\/td><td class=\"day  \"><h3>20<\/h3><br><\/td><\/tr>\r\n<tr>\r\t<td class=\"day  \"><h3>21<\/h3><br><\/td><td class=\"day  \"><h3>22<\/h3><br><\/td><td class=\"day  \"><h3>23<\/h3><br><\/td><td class=\"day  \"><h3>24<\/h3><br><\/td><td class=\"day  \"><h3>25<\/h3><br><\/td><td class=\"day  \"><h3>26<\/h3><br><\/td><td class=\"day  \"><h3>27<\/h3><br><\/td><\/tr>\r\n<tr>\r\t<td class=\"day  \"><h3>28<\/h3><br><\/td><td class=\"day  \"><h3>29<\/h3><br><\/td><td class=\"day  \"><h3>30<\/h3><br><\/td><\/table><\/div><\/div><div class=\"fusion-text fusion-text-2\"><h4><span style=\"color: #175718;\">Der Terminplan ist nicht abschlie\u00dfend und wird fortlaufend erg\u00e4nzt.<\/span><\/h4>\n<p>Hast du dich angemeldet? Sie erhalten dann immer eine vorl\u00e4ufige Best\u00e4tigung von uns.<br \/>\nDer Zeitplan wird einige Tage im Voraus aktualisiert.<br \/>\nDie endg\u00fcltige Best\u00e4tigung wird Ihnen mindestens 1 Tag vor dem Start per E-Mail zugesendet.<br \/>\nWenn Sie nach der Registrierung keine Best\u00e4tigung erhalten haben, kontaktieren Sie uns bitte.<\/p>\n<div class=\"_Ejb\"><\/div>\n<\/div><\/div><\/div><div class=\"fusion-clearfix\"><\/div><\/div><\/div><div class=\"fusion-layout-column fusion_builder_column fusion-builder-column-2 fusion_builder_column_1_4 1_4 fusion-one-fourth fusion-column-last\" style=\"--awb-bg-size:cover;width:25%;width:calc(25% - ( ( 4% ) * 0.25 ) );\"><div class=\"fusion-column-wrapper fusion-flex-column-wrapper-legacy\"><div class=\"fusion-sep-clear\"><\/div><div class=\"fusion-separator fusion-full-width-sep\" style=\"margin-left: auto;margin-right: auto;margin-top:30px;width:100%;\"><\/div><div class=\"fusion-sep-clear\"><\/div><div class=\"fusion-align-block\"><a class=\"fusion-button button-flat button-xlarge button-default fusion-button-default button-1 fusion-button-span-yes fusion-button-default-type\" target=\"_self\" href=\"https:\/\/achterhoeksesappers.nl\/aanmelden\/aanmeldformulier\"><span class=\"fusion-button-icon-divider button-icon-divider-left\"><i class=\" fa fa-list-alt awb-button__icon awb-button__icon--default\" aria-hidden=\"true\"><\/i><\/span><span class=\"fusion-button-text awb-button__text awb-button__text--default fusion-button-text-left\">ANMELDEN<\/span><\/a><\/div><div class=\"fusion-sep-clear\"><\/div><div class=\"fusion-separator fusion-full-width-sep\" style=\"margin-left: auto;margin-right: auto;margin-top:30px;width:100%;\"><\/div><div class=\"fusion-sep-clear\"><\/div><div class=\"fusion-text fusion-text-3\"><h4 id=\"tw-target-text\" class=\"tw-data-text tw-text-large tw-ta\" dir=\"ltr\" data-placeholder=\"Vertaling\"><span lang=\"de\" style=\"color: #175718;\" tabindex=\"0\">M\u00f6chten Sie selbst einen Mostttag organisieren? lass es uns wissen! <\/span><\/h4>\n<p class=\"tw-data-text tw-text-large tw-ta\" dir=\"ltr\" data-placeholder=\"Vertaling\"><span lang=\"de\" tabindex=\"0\">Mosttage und Termine k\u00f6nnen nach Absprache vereinbart werden. Lesen Sie, wo Sie uns finden, an welchen Tagen wir Safte Pressen und melden Sie sich an. Wir freuen uns, Sie bei uns begr\u00fc\u00dfen zu d\u00fcrfen! Wir sind bereit, Ihre \u00c4pfel, Birnen, Trauben und andere Fr\u00fcchte zu pressen und zu den leckersten S\u00e4ften zu verarbeiten. Wenn es nicht m\u00f6glich ist, einen Platz zu reservieren, kontaktieren Sie uns bitte \u00fcber unser <\/span><a href=\"https:\/\/achterhoeksesappers.nl\/de\/kontakt\/\">Kontaktformular<\/a><\/p>\n<h3><a href=\"https:\/\/www.facebook.com\/AchterhoekseSapPers\/\" rel=\"nofollow noopener\" target=\"_blank\">Facebook<\/a><\/h3>\n<\/div><div class=\"fusion-clearfix\"><\/div><\/div><\/div><\/div><\/div><\/p>\n","protected":false},"excerpt":{"rendered":"","protected":false},"author":3,"featured_media":0,"parent":0,"menu_order":0,"comment_status":"closed","ping_status":"closed","template":"100-width.php","meta":{"footnotes":""},"class_list":["post-1804","page","type-page","status-publish","hentry"],"_links":{"self":[{"href":"https:\/\/achterhoeksesappers.nl\/de\/wp-json\/wp\/v2\/pages\/1804","targetHints":{"allow":["GET"]}}],"collection":[{"href":"https:\/\/achterhoeksesappers.nl\/de\/wp-json\/wp\/v2\/pages"}],"about":[{"href":"https:\/\/achterhoeksesappers.nl\/de\/wp-json\/wp\/v2\/types\/page"}],"author":[{"embeddable":true,"href":"https:\/\/achterhoeksesappers.nl\/de\/wp-json\/wp\/v2\/users\/3"}],"replies":[{"embeddable":true,"href":"https:\/\/achterhoeksesappers.nl\/de\/wp-json\/wp\/v2\/comments?post=1804"}],"version-history":[{"count":1,"href":"https:\/\/achterhoeksesappers.nl\/de\/wp-json\/wp\/v2\/pages\/1804\/revisions"}],"predecessor-version":[{"id":3498,"href":"https:\/\/achterhoeksesappers.nl\/de\/wp-json\/wp\/v2\/pages\/1804\/revisions\/3498"}],"wp:attachment":[{"href":"https:\/\/achterhoeksesappers.nl\/de\/wp-json\/wp\/v2\/media?parent=1804"}],"curies":[{"name":"wp","href":"https:\/\/api.w.org\/{rel}","templated":true}]}}