{"id":1797,"date":"2016-11-07T04:04:52","date_gmt":"2016-11-07T04:04:52","guid":{"rendered":"https:\/\/achterhoeksesappers.nl\/sappers\/"},"modified":"2019-08-07T07:50:51","modified_gmt":"2019-08-07T07:50:51","slug":"schneckenfilterpresse","status":"publish","type":"page","link":"https:\/\/achterhoeksesappers.nl\/de\/schneckenfilterpresse\/","title":{"rendered":"Innovative Schneckenfilterpresse"},"content":{"rendered":"<p><div class=\"fusion-fullwidth fullwidth-box fusion-builder-row-1 fusion-parallax-none nonhundred-percent-fullwidth non-hundred-percent-height-scrolling lazyload\" style=\"--awb-border-radius-top-left:0px;--awb-border-radius-top-right:0px;--awb-border-radius-bottom-right:0px;--awb-border-radius-bottom-left:0px;--awb-padding-top:50px;--awb-padding-bottom:50px;--awb-background-size:cover;--awb-flex-wrap:wrap;\" data-bg=\"https:\/\/achterhoeksesappers.nl\/wp-content\/uploads\/AS-Groene-Achtergrond-iconen.jpg\" ><div class=\"fusion-builder-row fusion-row\"><div class=\"fusion-layout-column fusion_builder_column fusion-builder-column-0 fusion_builder_column_1_1 1_1 fusion-one-full fusion-column-first fusion-column-last\" style=\"--awb-bg-size:cover;\"><div class=\"fusion-column-wrapper fusion-flex-column-wrapper-legacy\"><div class=\"fusion-title title fusion-title-1 sep-underline sep-solid fusion-title-center fusion-title-text fusion-title-size-one\" style=\"--awb-sep-color:#fffcfc;\"><h1 class=\"fusion-title-heading title-heading-center fusion-responsive-typography-calculated\" style=\"margin:0;--fontSize:40;line-height:1.13;\"><h1><span style=\"color: #ffffff;\"><strong>Innovative Schneckenfilterpresse<\/strong><\/span><\/h1><\/h1><\/div><div class=\"fusion-clearfix\"><\/div><\/div><\/div><\/div><\/div><div class=\"fusion-fullwidth fullwidth-box fusion-builder-row-2 nonhundred-percent-fullwidth non-hundred-percent-height-scrolling fusion-equal-height-columns\" style=\"--awb-border-radius-top-left:0px;--awb-border-radius-top-right:0px;--awb-border-radius-bottom-right:0px;--awb-border-radius-bottom-left:0px;--awb-padding-top:20px;--awb-padding-bottom:0px;--awb-flex-wrap:wrap;\" ><div class=\"fusion-builder-row fusion-row\"><div class=\"fusion-layout-column fusion_builder_column fusion-builder-column-1 fusion_builder_column_1_1 1_1 fusion-one-full fusion-column-first fusion-column-last\" style=\"--awb-padding-right:30px;--awb-padding-left:60px;--awb-bg-size:cover;\"><div class=\"fusion-column-wrapper fusion-flex-column-wrapper-legacy\"><div class=\"fusion-column-content-centered\"><div class=\"fusion-column-content\"><div class=\"fusion-text fusion-text-1\"><h2>Schneckenfilterpresse mit Vakuumpumpe<\/h2>\n<\/div><\/div><\/div><div class=\"fusion-clearfix\"><\/div><\/div><\/div><\/div><\/div>\n<div class=\"fusion-fullwidth fullwidth-box fusion-builder-row-3 nonhundred-percent-fullwidth non-hundred-percent-height-scrolling fusion-equal-height-columns\" style=\"--awb-border-radius-top-left:0px;--awb-border-radius-top-right:0px;--awb-border-radius-bottom-right:0px;--awb-border-radius-bottom-left:0px;--awb-padding-top:30px;--awb-padding-bottom:30px;--awb-flex-wrap:wrap;\" ><div class=\"fusion-builder-row fusion-row\"><div class=\"fusion-layout-column fusion_builder_column fusion-builder-column-2 fusion_builder_column_2_5 2_5 fusion-two-fifth fusion-column-first\" style=\"--awb-padding-right:30px;--awb-padding-left:60px;--awb-bg-size:cover;width:40%;width:calc(40% - ( ( 4% ) * 0.4 ) );margin-right: 4%;\"><div class=\"fusion-column-wrapper fusion-flex-column-wrapper-legacy\"><div class=\"fusion-column-content-centered\"><div class=\"fusion-column-content\"><div class=\"fusion-text fusion-text-2\"><p>So arbeitet unsere Schneckenfilterpresse: Das Obst oder Gem\u00fcse wird unter Zusatz von ein wenig Stickstoff zu Brei verarbeitet. Der Stickstoff verdr\u00e4ngt eventuell vorhandene Sauerstoffreste. Dann wird der Brei durch die Filterpresse nach oben getrieben. Am Filter ist ein Vakuum, das den Saft extrahiert. Die Vakuumpumpe pumpt anschlie\u00dfend den Saft ab. Vom ersten Pressen bis zum Abf\u00fcllen hat der Saft also kaum Kontakt mit der Au\u00dfenluft. Deshalb verf\u00e4rbt er sich nicht. Und was noch wichtiger ist: Vitamine und nat\u00fcrliche Antioxidantien bleiben weitestgehend erhalten. Ergebnis: Der Saft hat eine optimale Qualit\u00e4t!<\/p>\n<p><strong>Die Schneckenfilterpresse kann bis zu 1.200 kg Obst pro Stunde verarbeiten.<br \/>\n<\/strong><\/p>\n<\/div><\/div><\/div><div class=\"fusion-clearfix\"><\/div><\/div><\/div><div class=\"fusion-layout-column fusion_builder_column fusion-builder-column-3 fusion_builder_column_3_5 3_5 fusion-three-fifth fusion-column-last\" style=\"--awb-padding-top:0px;--awb-padding-right:0px;--awb-padding-bottom:0px;--awb-padding-left:0px;--awb-bg-size:cover;width:60%;width:calc(60% - ( ( 4% ) * 0.6 ) );\"><div class=\"fusion-column-wrapper fusion-flex-column-wrapper-legacy\"><div class=\"fusion-column-content-centered\"><div class=\"fusion-column-content\"><a class=\"awb-lightbox awb-lightbox-1\" href=\"https:\/\/achterhoeksesappers.nl\/wp-content\/uploads\/AS-proces-DE-1200x726.jpg\" data-caption=\"Die Schneckenfilterpresse kann bis zu 1.200 kg Obst pro Stunde verarbeiten.\" data-rel=\"iLightbox\"><img class=\"lazyload\" decoding=\"async\" src=\"data:image\/svg+xml,%3Csvg%20xmlns%3D%27http%3A%2F%2Fwww.w3.org%2F2000%2Fsvg%27%20width%3D%27600%27%20height%3D%27363%27%20viewBox%3D%270%200%20600%20363%27%3E%3Crect%20width%3D%27600%27%20height%3D%27363%27%20fill-opacity%3D%220%22%2F%3E%3C%2Fsvg%3E\" data-orig-src=\"https:\/\/achterhoeksesappers.nl\/wp-content\/uploads\/AS-proces-DE-600x363.jpg\" alt=\"Die Schneckenfilterpresse kann bis zu 1.200 kg Obst pro Stunde verarbeiten.\"><\/a><\/div><\/div><div class=\"fusion-clearfix\"><\/div><\/div><\/div><\/div><\/div><div class=\"fusion-fullwidth fullwidth-box fusion-builder-row-4 nonhundred-percent-fullwidth non-hundred-percent-height-scrolling fusion-equal-height-columns\" style=\"--awb-border-radius-top-left:0px;--awb-border-radius-top-right:0px;--awb-border-radius-bottom-right:0px;--awb-border-radius-bottom-left:0px;--awb-padding-top:0px;--awb-padding-right:0px;--awb-padding-bottom:0px;--awb-padding-left:0px;--awb-flex-wrap:wrap;\" ><div class=\"fusion-builder-row fusion-row\"><div class=\"fusion-layout-column fusion_builder_column fusion-builder-column-4 fusion_builder_column_1_2 1_2 fusion-one-half fusion-column-first\" style=\"--awb-padding-top:10%;--awb-padding-right:10%;--awb-padding-bottom:10%;--awb-padding-left:10%;--awb-bg-color:#c92445;--awb-bg-color-hover:#c92445;--awb-bg-position:center center;--awb-bg-size:cover;--awb-margin-bottom:0px;width:50%;width:calc(50% - ( ( 0px ) * 0.5 ) );margin-right: 0px;\"><div class=\"fusion-column-wrapper fusion-flex-column-wrapper-legacy\"><div class=\"fusion-column-content-centered\"><div class=\"fusion-column-content\"><div class=\"fusion-text fusion-text-3\"><h2><span style=\"color: #ffffff;\">Vom Obst zum Saft in<br \/>\n10 Schritten<\/span><\/h2>\n<\/div><ul style=\"--awb-size:18px;--awb-iconcolor:#c92445;--awb-line-height:30.6px;--awb-icon-width:30.6px;--awb-icon-height:30.6px;--awb-icon-margin:12.6px;--awb-content-margin:43.2px;\" class=\"fusion-checklist fusion-checklist-1 fusion-checklist-default type-icons\"><li class=\"fusion-li-item\" style=\"\"><span class=\"icon-wrapper circle-no\"><i class=\"fusion-li-icon fa fa-check-square-o\" aria-hidden=\"true\"><\/i><\/span><div class=\"fusion-li-item-content\">\n<ol>\n<li><span style=\"color: #ffffff;\">Sortieren<\/span><\/li>\n<li><span style=\"color: #ffffff;\">Waschen (vollautomatisch)<\/span><\/li>\n<li><span style=\"color: #ffffff;\">Stickstoff verdr\u00e4ngt vorhandenen Sauerstoff<\/span><\/li>\n<li><span style=\"color: #ffffff;\">Obst zu Brei verarbeiten<\/span><\/li>\n<li><span style=\"color: #ffffff;\">Brei wird in die Filterpresse gepumpt<\/span><\/li>\n<li><span style=\"color: #ffffff;\">Vakuumtechnik extrahiert den Saft<\/span><\/li>\n<li><span style=\"color: #ffffff;\">Saft und Schaum werden getrennt<\/span><\/li>\n<li><span style=\"color: #ffffff;\">Saft wird pasteurisiert und in Vorratsbeh\u00e4lter gef\u00fcllt<\/span><\/li>\n<li><span style=\"color: #ffffff;\">Beutel wird vakuumiert und gef\u00fcllt<\/span><\/li>\n<li><span style=\"color: #ffffff;\">Beutel wird in Bag-in-Box verpackt<\/span><\/li>\n<\/ol>\n<\/div><\/li><\/ul><\/div><\/div><div class=\"fusion-clearfix\"><\/div><\/div><\/div><div class=\"fusion-layout-column fusion_builder_column fusion-builder-column-5 fusion_builder_column_1_2 1_2 fusion-one-half fusion-column-last\" style=\"--awb-bg-size:cover;--awb-margin-bottom:0px;width:50%;width:calc(50% - ( ( 0px ) * 0.5 ) );\"><div class=\"fusion-column-wrapper lazyload fusion-flex-column-wrapper-legacy fusion-empty-column-bg-image fusion-column-has-bg-image\" data-bg-url=\"https:\/\/achterhoeksesappers.nl\/wp-content\/uploads\/AS-smoothie-fruit-beverage-drink-161600-1024x678.jpg\" data-bg=\"https:\/\/achterhoeksesappers.nl\/wp-content\/uploads\/AS-smoothie-fruit-beverage-drink-161600-1024x678.jpg\"><img decoding=\"async\" class=\"fusion-empty-dims-img-placeholder fusion-no-large-visibility\" aria-label=\"AS-smoothie-fruit-beverage-drink-161600\" src=\"data:image\/svg+xml,%3Csvg%20xmlns%3D%27http%3A%2F%2Fwww.w3.org%2F2000%2Fsvg%27%20width%3D%271024%27%20height%3D%27678%27%20viewBox%3D%270%200%201024%20678%27%3E%3Crect%20width%3D%271024%27%20height%3D%27678%27%20fill-opacity%3D%220%22%2F%3E%3C%2Fsvg%3E\"><div class=\"fusion-clearfix\"><\/div><\/div><\/div><\/div><\/div><div class=\"fusion-fullwidth fullwidth-box fusion-builder-row-5 nonhundred-percent-fullwidth non-hundred-percent-height-scrolling\" style=\"--awb-border-radius-top-left:0px;--awb-border-radius-top-right:0px;--awb-border-radius-bottom-right:0px;--awb-border-radius-bottom-left:0px;--awb-padding-top:40px;--awb-padding-bottom:40px;--awb-flex-wrap:wrap;\" ><div class=\"fusion-builder-row fusion-row\"><div class=\"fusion-layout-column fusion_builder_column fusion-builder-column-6 fusion_builder_column_1_2 1_2 fusion-one-half fusion-column-first\" style=\"--awb-bg-size:cover;width:50%;width:calc(50% - ( ( 4% ) * 0.5 ) );margin-right: 4%;\"><div class=\"fusion-column-wrapper fusion-flex-column-wrapper-legacy\"><div class=\"fusion-title title fusion-title-2 fusion-sep-none fusion-title-text fusion-title-size-two\" style=\"--awb-margin-top:10px;--awb-margin-bottom:10px;\"><h2 class=\"fusion-title-heading title-heading-left fusion-responsive-typography-calculated\" style=\"margin:0;--fontSize:35;line-height:1;\"><strong>Welche Menge an Obst oder Gem\u00fcse?<\/strong><\/h2><\/div><div class=\"fusion-text fusion-text-4\"><p>Sie haben mindestens 100 kg Obst oder Gem\u00fcse? Dann k\u00f6nnen Sie sich an einem Mosttag beteiligen. 100 kg Obst ergeben ca. 75 Liter Saft. Sie haben eine kleinere Menge? Fragen Sie doch einfach Ihre Nachbarn, ob sie sich beteiligen. Zusammen kommen Sie leicht an die ben\u00f6tigte Menge: Ein freistehender Hochstamm-Apfelbaum kommt schnell auf einen Ertrag von mehr als 100 kg \u00c4pfeln.<\/p>\n<p><strong>Ab 3.500 kg ist es m\u00f6glich, das Obst bei Ihnen zu Hause oder an einem von Ihnen bestimmten Ort pressen zu lassen.<\/strong><\/p>\n<\/div><div class=\"fusion-clearfix\"><\/div><\/div><\/div><div class=\"fusion-layout-column fusion_builder_column fusion-builder-column-7 fusion_builder_column_1_2 1_2 fusion-one-half fusion-column-last\" style=\"--awb-bg-size:cover;width:50%;width:calc(50% - ( ( 4% ) * 0.5 ) );\"><div class=\"fusion-column-wrapper fusion-flex-column-wrapper-legacy\"><div class=\"fusion-title title fusion-title-3 fusion-sep-none fusion-title-text fusion-title-size-two\" style=\"--awb-margin-top:10px;--awb-margin-bottom:10px;\"><h2 class=\"fusion-title-heading title-heading-left fusion-responsive-typography-calculated\" style=\"margin:0;--fontSize:35;line-height:1;\"><strong>Wussten Sie, dass<\/strong><\/h2><\/div><div class=\"fusion-text fusion-text-5\"><p>\u2022 Wussten Sie, dass\u00a0unser Saft viele Antioxidantien enth\u00e4lt?<br \/>\n\u2022 Antioxidantien N\u00e4hrstoffe sind, die Ihren K\u00f6rper gegen freie Radikale sch\u00fctzen?<br \/>\n\u2022 Phenole oder auch Polyphenole wichtige Antioxidantien sind?<br \/>\n\u2022 Schwarze Johannisbeeren und saure Kirschen viel Polyphenole enthalten, die krebshemmende Wirkung haben?<br \/>\n\u2022 Schwarze Johannisbeeren oder saure Kirschen in Kombination mit Apfelsaft sehr lecker sind?<br \/>\n\u2022 Apfelsaft auch sehr k\u00f6stlich ist in Kombination mit Zucchini-, M\u00f6hren- oder Rote Beete-Saft?<\/p>\n<\/div><div class=\"fusion-clearfix\"><\/div><\/div><\/div><\/div><\/div><\/p>\n","protected":false},"excerpt":{"rendered":"","protected":false},"author":3,"featured_media":0,"parent":0,"menu_order":0,"comment_status":"closed","ping_status":"closed","template":"100-width.php","meta":{"footnotes":""},"class_list":["post-1797","page","type-page","status-publish","hentry"],"_links":{"self":[{"href":"https:\/\/achterhoeksesappers.nl\/de\/wp-json\/wp\/v2\/pages\/1797","targetHints":{"allow":["GET"]}}],"collection":[{"href":"https:\/\/achterhoeksesappers.nl\/de\/wp-json\/wp\/v2\/pages"}],"about":[{"href":"https:\/\/achterhoeksesappers.nl\/de\/wp-json\/wp\/v2\/types\/page"}],"author":[{"embeddable":true,"href":"https:\/\/achterhoeksesappers.nl\/de\/wp-json\/wp\/v2\/users\/3"}],"replies":[{"embeddable":true,"href":"https:\/\/achterhoeksesappers.nl\/de\/wp-json\/wp\/v2\/comments?post=1797"}],"version-history":[{"count":0,"href":"https:\/\/achterhoeksesappers.nl\/de\/wp-json\/wp\/v2\/pages\/1797\/revisions"}],"wp:attachment":[{"href":"https:\/\/achterhoeksesappers.nl\/de\/wp-json\/wp\/v2\/media?parent=1797"}],"curies":[{"name":"wp","href":"https:\/\/api.w.org\/{rel}","templated":true}]}}